{"id":7069,"date":"2018-07-06T18:27:30","date_gmt":"2018-07-06T17:27:30","guid":{"rendered":"https:\/\/www.curiumpharma.com\/resources\/"},"modified":"2024-06-20T08:55:01","modified_gmt":"2024-06-20T07:55:01","slug":"informations-et-formations","status":"publish","type":"page","link":"https:\/\/www.curiumpharma.com\/fr\/informations-et-formations\/","title":{"rendered":"Informations et Formations"},"content":{"rendered":"","protected":false},"excerpt":{"rendered":"","protected":false},"author":65,"featured_media":0,"parent":0,"menu_order":50,"comment_status":"closed","ping_status":"closed","template":"template-resources-index.php","meta":{"_acf_changed":false,"footnotes":""},"class_list":["post-7069","page","type-page","status-publish","hentry"],"acf":[],"yoast_head":"<!-- This site is optimized with the Yoast SEO plugin v27.3 - https:\/\/yoast.com\/product\/yoast-seo-wordpress\/ -->\n<title>Informations et Formations - Curium Pharma<\/title>\n<meta name=\"description\" content=\"D\u00e9couvrez les informations et formations \u00e9ducatives s\u00e9lectionn\u00e9es par Curium. Profitez de cours et guides en ligne gratuits\" \/>\n<meta name=\"robots\" content=\"index, follow, max-snippet:-1, max-image-preview:large, max-video-preview:-1\" \/>\n<link rel=\"canonical\" href=\"https:\/\/www.curiumpharma.com\/fr\/informations-et-formations\/\" \/>\n<meta property=\"og:locale\" content=\"fr_FR\" \/>\n<meta property=\"og:type\" content=\"article\" \/>\n<meta property=\"og:title\" content=\"Informations et Formations - Curium Pharma\" \/>\n<meta property=\"og:description\" content=\"D\u00e9couvrez les informations et formations \u00e9ducatives s\u00e9lectionn\u00e9es par Curium. Profitez de cours et guides en ligne gratuits\" \/>\n<meta property=\"og:url\" content=\"https:\/\/www.curiumpharma.com\/fr\/informations-et-formations\/\" \/>\n<meta property=\"og:site_name\" content=\"Curium Pharma\" \/>\n<meta property=\"article:modified_time\" content=\"2024-06-20T07:55:01+00:00\" \/>\n<meta name=\"twitter:card\" content=\"summary_large_image\" \/>\n<script type=\"application\/ld+json\" class=\"yoast-schema-graph\">{\"@context\":\"https:\\\/\\\/schema.org\",\"@graph\":[{\"@type\":\"WebPage\",\"@id\":\"https:\\\/\\\/www.curiumpharma.com\\\/fr\\\/informations-et-formations\\\/\",\"url\":\"https:\\\/\\\/www.curiumpharma.com\\\/fr\\\/informations-et-formations\\\/\",\"name\":\"Informations et Formations - Curium Pharma\",\"isPartOf\":{\"@id\":\"https:\\\/\\\/www.curiumpharma.com\\\/#website\"},\"datePublished\":\"2018-07-06T17:27:30+00:00\",\"dateModified\":\"2024-06-20T07:55:01+00:00\",\"description\":\"D\u00e9couvrez les informations et formations \u00e9ducatives s\u00e9lectionn\u00e9es par Curium. Profitez de cours et guides en ligne gratuits\",\"breadcrumb\":{\"@id\":\"https:\\\/\\\/www.curiumpharma.com\\\/fr\\\/informations-et-formations\\\/#breadcrumb\"},\"inLanguage\":\"fr-FR\",\"potentialAction\":[{\"@type\":\"ReadAction\",\"target\":[\"https:\\\/\\\/www.curiumpharma.com\\\/fr\\\/informations-et-formations\\\/\"]}]},{\"@type\":\"BreadcrumbList\",\"@id\":\"https:\\\/\\\/www.curiumpharma.com\\\/fr\\\/informations-et-formations\\\/#breadcrumb\",\"itemListElement\":[{\"@type\":\"ListItem\",\"position\":1,\"name\":\"Home\",\"item\":\"https:\\\/\\\/www.curiumpharma.com\\\/fr\\\/\"},{\"@type\":\"ListItem\",\"position\":2,\"name\":\"Informations et Formations\"}]},{\"@type\":\"WebSite\",\"@id\":\"https:\\\/\\\/www.curiumpharma.com\\\/#website\",\"url\":\"https:\\\/\\\/www.curiumpharma.com\\\/\",\"name\":\"Curium Pharma\",\"description\":\"\",\"potentialAction\":[{\"@type\":\"SearchAction\",\"target\":{\"@type\":\"EntryPoint\",\"urlTemplate\":\"https:\\\/\\\/www.curiumpharma.com\\\/?s={search_term_string}\"},\"query-input\":{\"@type\":\"PropertyValueSpecification\",\"valueRequired\":true,\"valueName\":\"search_term_string\"}}],\"inLanguage\":\"fr-FR\"}]}<\/script>\n<!-- \/ Yoast SEO plugin. -->","yoast_head_json":{"title":"Informations et Formations - Curium Pharma","description":"D\u00e9couvrez les informations et formations \u00e9ducatives s\u00e9lectionn\u00e9es par Curium. Profitez de cours et guides en ligne gratuits","robots":{"index":"index","follow":"follow","max-snippet":"max-snippet:-1","max-image-preview":"max-image-preview:large","max-video-preview":"max-video-preview:-1"},"canonical":"https:\/\/www.curiumpharma.com\/fr\/informations-et-formations\/","og_locale":"fr_FR","og_type":"article","og_title":"Informations et Formations - Curium Pharma","og_description":"D\u00e9couvrez les informations et formations \u00e9ducatives s\u00e9lectionn\u00e9es par Curium. Profitez de cours et guides en ligne gratuits","og_url":"https:\/\/www.curiumpharma.com\/fr\/informations-et-formations\/","og_site_name":"Curium Pharma","article_modified_time":"2024-06-20T07:55:01+00:00","twitter_card":"summary_large_image","schema":{"@context":"https:\/\/schema.org","@graph":[{"@type":"WebPage","@id":"https:\/\/www.curiumpharma.com\/fr\/informations-et-formations\/","url":"https:\/\/www.curiumpharma.com\/fr\/informations-et-formations\/","name":"Informations et Formations - Curium Pharma","isPartOf":{"@id":"https:\/\/www.curiumpharma.com\/#website"},"datePublished":"2018-07-06T17:27:30+00:00","dateModified":"2024-06-20T07:55:01+00:00","description":"D\u00e9couvrez les informations et formations \u00e9ducatives s\u00e9lectionn\u00e9es par Curium. Profitez de cours et guides en ligne gratuits","breadcrumb":{"@id":"https:\/\/www.curiumpharma.com\/fr\/informations-et-formations\/#breadcrumb"},"inLanguage":"fr-FR","potentialAction":[{"@type":"ReadAction","target":["https:\/\/www.curiumpharma.com\/fr\/informations-et-formations\/"]}]},{"@type":"BreadcrumbList","@id":"https:\/\/www.curiumpharma.com\/fr\/informations-et-formations\/#breadcrumb","itemListElement":[{"@type":"ListItem","position":1,"name":"Home","item":"https:\/\/www.curiumpharma.com\/fr\/"},{"@type":"ListItem","position":2,"name":"Informations et Formations"}]},{"@type":"WebSite","@id":"https:\/\/www.curiumpharma.com\/#website","url":"https:\/\/www.curiumpharma.com\/","name":"Curium Pharma","description":"","potentialAction":[{"@type":"SearchAction","target":{"@type":"EntryPoint","urlTemplate":"https:\/\/www.curiumpharma.com\/?s={search_term_string}"},"query-input":{"@type":"PropertyValueSpecification","valueRequired":true,"valueName":"search_term_string"}}],"inLanguage":"fr-FR"}]}},"_links":{"self":[{"href":"https:\/\/www.curiumpharma.com\/fr\/wp-json\/wp\/v2\/pages\/7069","targetHints":{"allow":["GET"]}}],"collection":[{"href":"https:\/\/www.curiumpharma.com\/fr\/wp-json\/wp\/v2\/pages"}],"about":[{"href":"https:\/\/www.curiumpharma.com\/fr\/wp-json\/wp\/v2\/types\/page"}],"author":[{"embeddable":true,"href":"https:\/\/www.curiumpharma.com\/fr\/wp-json\/wp\/v2\/users\/65"}],"replies":[{"embeddable":true,"href":"https:\/\/www.curiumpharma.com\/fr\/wp-json\/wp\/v2\/comments?post=7069"}],"version-history":[{"count":0,"href":"https:\/\/www.curiumpharma.com\/fr\/wp-json\/wp\/v2\/pages\/7069\/revisions"}],"wp:attachment":[{"href":"https:\/\/www.curiumpharma.com\/fr\/wp-json\/wp\/v2\/media?parent=7069"}],"curies":[{"name":"wp","href":"https:\/\/api.w.org\/{rel}","templated":true}]}}