{"id":5867,"date":"2018-10-29T12:40:55","date_gmt":"2018-10-29T12:40:55","guid":{"rendered":"https:\/\/www.curiumpharma.com\/carrieres\/travailler-chez-curium\/"},"modified":"2025-07-08T12:56:06","modified_gmt":"2025-07-08T11:56:06","slug":"travailler-chez-curium","status":"publish","type":"page","link":"https:\/\/www.curiumpharma.com\/fr\/carrieres\/travailler-chez-curium\/","title":{"rendered":"Travailler chez Curium"},"content":{"rendered":"","protected":false},"excerpt":{"rendered":"","protected":false},"author":1,"featured_media":0,"parent":5857,"menu_order":20,"comment_status":"closed","ping_status":"closed","template":"template-careers-sub-page.php","meta":{"_acf_changed":false,"footnotes":""},"class_list":["post-5867","page","type-page","status-publish","hentry"],"acf":[],"yoast_head":"<!-- This site is optimized with the Yoast SEO plugin v27.4 - https:\/\/yoast.com\/product\/yoast-seo-wordpress\/ -->\n<title>Working at Curium - Curium PharmaTravailler chez Curium<\/title>\n<meta name=\"description\" content=\"Leader mondial en m\u00e9decine nucl\u00e9aire, nous avons conscience que notre succ\u00e8s repose sur le talent et le d\u00e9vouement de nos plus de 2000 employ\u00e9s \u00e0 travers le monde.\" \/>\n<meta name=\"robots\" content=\"index, follow, max-snippet:-1, max-image-preview:large, max-video-preview:-1\" \/>\n<link rel=\"canonical\" href=\"https:\/\/www.curiumpharma.com\/fr\/carrieres\/travailler-chez-curium\/\" \/>\n<meta property=\"og:locale\" content=\"fr_FR\" \/>\n<meta property=\"og:type\" content=\"article\" \/>\n<meta property=\"og:title\" content=\"Working at Curium - Curium PharmaTravailler chez Curium\" \/>\n<meta property=\"og:description\" content=\"Leader mondial en m\u00e9decine nucl\u00e9aire, nous avons conscience que notre succ\u00e8s repose sur le talent et le d\u00e9vouement de nos plus de 2000 employ\u00e9s \u00e0 travers le monde.\" \/>\n<meta property=\"og:url\" content=\"https:\/\/www.curiumpharma.com\/fr\/carrieres\/travailler-chez-curium\/\" \/>\n<meta property=\"og:site_name\" content=\"Curium Pharma\" \/>\n<meta property=\"article:modified_time\" content=\"2025-07-08T11:56:06+00:00\" \/>\n<meta name=\"twitter:card\" content=\"summary_large_image\" \/>\n<script type=\"application\/ld+json\" class=\"yoast-schema-graph\">{\"@context\":\"https:\\\/\\\/schema.org\",\"@graph\":[{\"@type\":\"WebPage\",\"@id\":\"https:\\\/\\\/www.curiumpharma.com\\\/fr\\\/carrieres\\\/travailler-chez-curium\\\/\",\"url\":\"https:\\\/\\\/www.curiumpharma.com\\\/fr\\\/carrieres\\\/travailler-chez-curium\\\/\",\"name\":\"Working at Curium - Curium PharmaTravailler chez Curium\",\"isPartOf\":{\"@id\":\"https:\\\/\\\/www.curiumpharma.com\\\/#website\"},\"datePublished\":\"2018-10-29T12:40:55+00:00\",\"dateModified\":\"2025-07-08T11:56:06+00:00\",\"description\":\"Leader mondial en m\u00e9decine nucl\u00e9aire, nous avons conscience que notre succ\u00e8s repose sur le talent et le d\u00e9vouement de nos plus de 2000 employ\u00e9s \u00e0 travers le monde.\",\"breadcrumb\":{\"@id\":\"https:\\\/\\\/www.curiumpharma.com\\\/fr\\\/carrieres\\\/travailler-chez-curium\\\/#breadcrumb\"},\"inLanguage\":\"fr-FR\",\"potentialAction\":[{\"@type\":\"ReadAction\",\"target\":[\"https:\\\/\\\/www.curiumpharma.com\\\/fr\\\/carrieres\\\/travailler-chez-curium\\\/\"]}]},{\"@type\":\"BreadcrumbList\",\"@id\":\"https:\\\/\\\/www.curiumpharma.com\\\/fr\\\/carrieres\\\/travailler-chez-curium\\\/#breadcrumb\",\"itemListElement\":[{\"@type\":\"ListItem\",\"position\":1,\"name\":\"Home\",\"item\":\"https:\\\/\\\/www.curiumpharma.com\\\/fr\\\/\"},{\"@type\":\"ListItem\",\"position\":2,\"name\":\"Carri\u00e8res\",\"item\":\"https:\\\/\\\/www.curiumpharma.com\\\/fr\\\/carrieres\\\/\"},{\"@type\":\"ListItem\",\"position\":3,\"name\":\"Travailler chez Curium\"}]},{\"@type\":\"WebSite\",\"@id\":\"https:\\\/\\\/www.curiumpharma.com\\\/#website\",\"url\":\"https:\\\/\\\/www.curiumpharma.com\\\/\",\"name\":\"Curium Pharma\",\"description\":\"\",\"potentialAction\":[{\"@type\":\"SearchAction\",\"target\":{\"@type\":\"EntryPoint\",\"urlTemplate\":\"https:\\\/\\\/www.curiumpharma.com\\\/?s={search_term_string}\"},\"query-input\":{\"@type\":\"PropertyValueSpecification\",\"valueRequired\":true,\"valueName\":\"search_term_string\"}}],\"inLanguage\":\"fr-FR\"}]}<\/script>\n<!-- \/ Yoast SEO plugin. -->","yoast_head_json":{"title":"Working at Curium - Curium PharmaTravailler chez Curium","description":"Leader mondial en m\u00e9decine nucl\u00e9aire, nous avons conscience que notre succ\u00e8s repose sur le talent et le d\u00e9vouement de nos plus de 2000 employ\u00e9s \u00e0 travers le monde.","robots":{"index":"index","follow":"follow","max-snippet":"max-snippet:-1","max-image-preview":"max-image-preview:large","max-video-preview":"max-video-preview:-1"},"canonical":"https:\/\/www.curiumpharma.com\/fr\/carrieres\/travailler-chez-curium\/","og_locale":"fr_FR","og_type":"article","og_title":"Working at Curium - Curium PharmaTravailler chez Curium","og_description":"Leader mondial en m\u00e9decine nucl\u00e9aire, nous avons conscience que notre succ\u00e8s repose sur le talent et le d\u00e9vouement de nos plus de 2000 employ\u00e9s \u00e0 travers le monde.","og_url":"https:\/\/www.curiumpharma.com\/fr\/carrieres\/travailler-chez-curium\/","og_site_name":"Curium Pharma","article_modified_time":"2025-07-08T11:56:06+00:00","twitter_card":"summary_large_image","schema":{"@context":"https:\/\/schema.org","@graph":[{"@type":"WebPage","@id":"https:\/\/www.curiumpharma.com\/fr\/carrieres\/travailler-chez-curium\/","url":"https:\/\/www.curiumpharma.com\/fr\/carrieres\/travailler-chez-curium\/","name":"Working at Curium - Curium PharmaTravailler chez Curium","isPartOf":{"@id":"https:\/\/www.curiumpharma.com\/#website"},"datePublished":"2018-10-29T12:40:55+00:00","dateModified":"2025-07-08T11:56:06+00:00","description":"Leader mondial en m\u00e9decine nucl\u00e9aire, nous avons conscience que notre succ\u00e8s repose sur le talent et le d\u00e9vouement de nos plus de 2000 employ\u00e9s \u00e0 travers le monde.","breadcrumb":{"@id":"https:\/\/www.curiumpharma.com\/fr\/carrieres\/travailler-chez-curium\/#breadcrumb"},"inLanguage":"fr-FR","potentialAction":[{"@type":"ReadAction","target":["https:\/\/www.curiumpharma.com\/fr\/carrieres\/travailler-chez-curium\/"]}]},{"@type":"BreadcrumbList","@id":"https:\/\/www.curiumpharma.com\/fr\/carrieres\/travailler-chez-curium\/#breadcrumb","itemListElement":[{"@type":"ListItem","position":1,"name":"Home","item":"https:\/\/www.curiumpharma.com\/fr\/"},{"@type":"ListItem","position":2,"name":"Carri\u00e8res","item":"https:\/\/www.curiumpharma.com\/fr\/carrieres\/"},{"@type":"ListItem","position":3,"name":"Travailler chez Curium"}]},{"@type":"WebSite","@id":"https:\/\/www.curiumpharma.com\/#website","url":"https:\/\/www.curiumpharma.com\/","name":"Curium Pharma","description":"","potentialAction":[{"@type":"SearchAction","target":{"@type":"EntryPoint","urlTemplate":"https:\/\/www.curiumpharma.com\/?s={search_term_string}"},"query-input":{"@type":"PropertyValueSpecification","valueRequired":true,"valueName":"search_term_string"}}],"inLanguage":"fr-FR"}]}},"_links":{"self":[{"href":"https:\/\/www.curiumpharma.com\/fr\/wp-json\/wp\/v2\/pages\/5867","targetHints":{"allow":["GET"]}}],"collection":[{"href":"https:\/\/www.curiumpharma.com\/fr\/wp-json\/wp\/v2\/pages"}],"about":[{"href":"https:\/\/www.curiumpharma.com\/fr\/wp-json\/wp\/v2\/types\/page"}],"author":[{"embeddable":true,"href":"https:\/\/www.curiumpharma.com\/fr\/wp-json\/wp\/v2\/users\/1"}],"replies":[{"embeddable":true,"href":"https:\/\/www.curiumpharma.com\/fr\/wp-json\/wp\/v2\/comments?post=5867"}],"version-history":[{"count":0,"href":"https:\/\/www.curiumpharma.com\/fr\/wp-json\/wp\/v2\/pages\/5867\/revisions"}],"up":[{"embeddable":true,"href":"https:\/\/www.curiumpharma.com\/fr\/wp-json\/wp\/v2\/pages\/5857"}],"wp:attachment":[{"href":"https:\/\/www.curiumpharma.com\/fr\/wp-json\/wp\/v2\/media?parent=5867"}],"curies":[{"name":"wp","href":"https:\/\/api.w.org\/{rel}","templated":true}]}}