{"id":5853,"date":"2018-10-29T09:26:56","date_gmt":"2018-10-29T09:26:56","guid":{"rendered":"https:\/\/www.curiumpharma.com\/produits\/pharmacovigilance\/"},"modified":"2024-12-10T14:37:24","modified_gmt":"2024-12-10T14:37:24","slug":"pharmacovigilance","status":"publish","type":"page","link":"https:\/\/www.curiumpharma.com\/fr\/produits\/pharmacovigilance\/","title":{"rendered":"Pharmacovigilance"},"content":{"rendered":"","protected":false},"excerpt":{"rendered":"","protected":false},"author":1,"featured_media":0,"parent":5850,"menu_order":50,"comment_status":"closed","ping_status":"closed","template":"template-text.php","meta":{"_acf_changed":false,"footnotes":""},"class_list":["post-5853","page","type-page","status-publish","hentry"],"acf":[],"yoast_head":"<!-- This site is optimized with the Yoast SEO plugin v27.3 - https:\/\/yoast.com\/product\/yoast-seo-wordpress\/ -->\n<title>Pharmacovigilance - Curium Pharma<\/title>\n<meta name=\"description\" content=\"Si vous avez des questions sur un de nos produits ou si vous souhaitez signaler un effet ind\u00e9sirable qu\u2019il soit ou non mentionn\u00e9 dans la notice, le r\u00e9sum\u00e9 des Caract\u00e9ristiques du Produit ou les Mentions l\u00e9gales, contactez-nous\" \/>\n<meta name=\"robots\" content=\"index, follow, max-snippet:-1, max-image-preview:large, max-video-preview:-1\" \/>\n<link rel=\"canonical\" href=\"https:\/\/www.curiumpharma.com\/fr\/produits\/pharmacovigilance\/\" \/>\n<meta property=\"og:locale\" content=\"fr_FR\" \/>\n<meta property=\"og:type\" content=\"article\" \/>\n<meta property=\"og:title\" content=\"Pharmacovigilance - Curium Pharma\" \/>\n<meta property=\"og:description\" content=\"Si vous avez des questions sur un de nos produits ou si vous souhaitez signaler un effet ind\u00e9sirable qu\u2019il soit ou non mentionn\u00e9 dans la notice, le r\u00e9sum\u00e9 des Caract\u00e9ristiques du Produit ou les Mentions l\u00e9gales, contactez-nous\" \/>\n<meta property=\"og:url\" content=\"https:\/\/www.curiumpharma.com\/fr\/produits\/pharmacovigilance\/\" \/>\n<meta property=\"og:site_name\" content=\"Curium Pharma\" \/>\n<meta property=\"article:modified_time\" content=\"2024-12-10T14:37:24+00:00\" \/>\n<meta name=\"twitter:card\" content=\"summary_large_image\" \/>\n<script type=\"application\/ld+json\" class=\"yoast-schema-graph\">{\"@context\":\"https:\\\/\\\/schema.org\",\"@graph\":[{\"@type\":\"WebPage\",\"@id\":\"https:\\\/\\\/www.curiumpharma.com\\\/fr\\\/produits\\\/pharmacovigilance\\\/\",\"url\":\"https:\\\/\\\/www.curiumpharma.com\\\/fr\\\/produits\\\/pharmacovigilance\\\/\",\"name\":\"Pharmacovigilance - Curium Pharma\",\"isPartOf\":{\"@id\":\"https:\\\/\\\/www.curiumpharma.com\\\/#website\"},\"datePublished\":\"2018-10-29T09:26:56+00:00\",\"dateModified\":\"2024-12-10T14:37:24+00:00\",\"description\":\"Si vous avez des questions sur un de nos produits ou si vous souhaitez signaler un effet ind\u00e9sirable qu\u2019il soit ou non mentionn\u00e9 dans la notice, le r\u00e9sum\u00e9 des Caract\u00e9ristiques du Produit ou les Mentions l\u00e9gales, contactez-nous\",\"breadcrumb\":{\"@id\":\"https:\\\/\\\/www.curiumpharma.com\\\/fr\\\/produits\\\/pharmacovigilance\\\/#breadcrumb\"},\"inLanguage\":\"fr-FR\",\"potentialAction\":[{\"@type\":\"ReadAction\",\"target\":[\"https:\\\/\\\/www.curiumpharma.com\\\/fr\\\/produits\\\/pharmacovigilance\\\/\"]}]},{\"@type\":\"BreadcrumbList\",\"@id\":\"https:\\\/\\\/www.curiumpharma.com\\\/fr\\\/produits\\\/pharmacovigilance\\\/#breadcrumb\",\"itemListElement\":[{\"@type\":\"ListItem\",\"position\":1,\"name\":\"Home\",\"item\":\"https:\\\/\\\/www.curiumpharma.com\\\/fr\\\/\"},{\"@type\":\"ListItem\",\"position\":2,\"name\":\"Produits\",\"item\":\"https:\\\/\\\/www.curiumpharma.com\\\/fr\\\/produits\\\/\"},{\"@type\":\"ListItem\",\"position\":3,\"name\":\"Pharmacovigilance\"}]},{\"@type\":\"WebSite\",\"@id\":\"https:\\\/\\\/www.curiumpharma.com\\\/#website\",\"url\":\"https:\\\/\\\/www.curiumpharma.com\\\/\",\"name\":\"Curium Pharma\",\"description\":\"\",\"potentialAction\":[{\"@type\":\"SearchAction\",\"target\":{\"@type\":\"EntryPoint\",\"urlTemplate\":\"https:\\\/\\\/www.curiumpharma.com\\\/?s={search_term_string}\"},\"query-input\":{\"@type\":\"PropertyValueSpecification\",\"valueRequired\":true,\"valueName\":\"search_term_string\"}}],\"inLanguage\":\"fr-FR\"}]}<\/script>\n<!-- \/ Yoast SEO plugin. -->","yoast_head_json":{"title":"Pharmacovigilance - Curium Pharma","description":"Si vous avez des questions sur un de nos produits ou si vous souhaitez signaler un effet ind\u00e9sirable qu\u2019il soit ou non mentionn\u00e9 dans la notice, le r\u00e9sum\u00e9 des Caract\u00e9ristiques du Produit ou les Mentions l\u00e9gales, contactez-nous","robots":{"index":"index","follow":"follow","max-snippet":"max-snippet:-1","max-image-preview":"max-image-preview:large","max-video-preview":"max-video-preview:-1"},"canonical":"https:\/\/www.curiumpharma.com\/fr\/produits\/pharmacovigilance\/","og_locale":"fr_FR","og_type":"article","og_title":"Pharmacovigilance - Curium Pharma","og_description":"Si vous avez des questions sur un de nos produits ou si vous souhaitez signaler un effet ind\u00e9sirable qu\u2019il soit ou non mentionn\u00e9 dans la notice, le r\u00e9sum\u00e9 des Caract\u00e9ristiques du Produit ou les Mentions l\u00e9gales, contactez-nous","og_url":"https:\/\/www.curiumpharma.com\/fr\/produits\/pharmacovigilance\/","og_site_name":"Curium Pharma","article_modified_time":"2024-12-10T14:37:24+00:00","twitter_card":"summary_large_image","schema":{"@context":"https:\/\/schema.org","@graph":[{"@type":"WebPage","@id":"https:\/\/www.curiumpharma.com\/fr\/produits\/pharmacovigilance\/","url":"https:\/\/www.curiumpharma.com\/fr\/produits\/pharmacovigilance\/","name":"Pharmacovigilance - Curium Pharma","isPartOf":{"@id":"https:\/\/www.curiumpharma.com\/#website"},"datePublished":"2018-10-29T09:26:56+00:00","dateModified":"2024-12-10T14:37:24+00:00","description":"Si vous avez des questions sur un de nos produits ou si vous souhaitez signaler un effet ind\u00e9sirable qu\u2019il soit ou non mentionn\u00e9 dans la notice, le r\u00e9sum\u00e9 des Caract\u00e9ristiques du Produit ou les Mentions l\u00e9gales, contactez-nous","breadcrumb":{"@id":"https:\/\/www.curiumpharma.com\/fr\/produits\/pharmacovigilance\/#breadcrumb"},"inLanguage":"fr-FR","potentialAction":[{"@type":"ReadAction","target":["https:\/\/www.curiumpharma.com\/fr\/produits\/pharmacovigilance\/"]}]},{"@type":"BreadcrumbList","@id":"https:\/\/www.curiumpharma.com\/fr\/produits\/pharmacovigilance\/#breadcrumb","itemListElement":[{"@type":"ListItem","position":1,"name":"Home","item":"https:\/\/www.curiumpharma.com\/fr\/"},{"@type":"ListItem","position":2,"name":"Produits","item":"https:\/\/www.curiumpharma.com\/fr\/produits\/"},{"@type":"ListItem","position":3,"name":"Pharmacovigilance"}]},{"@type":"WebSite","@id":"https:\/\/www.curiumpharma.com\/#website","url":"https:\/\/www.curiumpharma.com\/","name":"Curium Pharma","description":"","potentialAction":[{"@type":"SearchAction","target":{"@type":"EntryPoint","urlTemplate":"https:\/\/www.curiumpharma.com\/?s={search_term_string}"},"query-input":{"@type":"PropertyValueSpecification","valueRequired":true,"valueName":"search_term_string"}}],"inLanguage":"fr-FR"}]}},"_links":{"self":[{"href":"https:\/\/www.curiumpharma.com\/fr\/wp-json\/wp\/v2\/pages\/5853","targetHints":{"allow":["GET"]}}],"collection":[{"href":"https:\/\/www.curiumpharma.com\/fr\/wp-json\/wp\/v2\/pages"}],"about":[{"href":"https:\/\/www.curiumpharma.com\/fr\/wp-json\/wp\/v2\/types\/page"}],"author":[{"embeddable":true,"href":"https:\/\/www.curiumpharma.com\/fr\/wp-json\/wp\/v2\/users\/1"}],"replies":[{"embeddable":true,"href":"https:\/\/www.curiumpharma.com\/fr\/wp-json\/wp\/v2\/comments?post=5853"}],"version-history":[{"count":0,"href":"https:\/\/www.curiumpharma.com\/fr\/wp-json\/wp\/v2\/pages\/5853\/revisions"}],"up":[{"embeddable":true,"href":"https:\/\/www.curiumpharma.com\/fr\/wp-json\/wp\/v2\/pages\/5850"}],"wp:attachment":[{"href":"https:\/\/www.curiumpharma.com\/fr\/wp-json\/wp\/v2\/media?parent=5853"}],"curies":[{"name":"wp","href":"https:\/\/api.w.org\/{rel}","templated":true}]}}