{"id":27035,"date":"2023-05-09T09:24:43","date_gmt":"2023-05-09T08:24:43","guid":{"rendered":"https:\/\/www.curiumpharma.com\/bnms-curium\/"},"modified":"2023-05-10T11:04:41","modified_gmt":"2023-05-10T10:04:41","slug":"bnms-curium","status":"publish","type":"page","link":"https:\/\/www.curiumpharma.com\/fr\/bnms-curium\/","title":{"rendered":"BNMS &#8211; British Nuclear Medicine Society"},"content":{"rendered":"<div class=\"t3m-lead\">\n<p>From March 23-25, we will be attending the 9th edition of Journ\u00e9es Francophones de M\u00e9decine Nucl\u00e9aire (JFMN) at the Belfri de Montrouge, in the Paris region, France.<\/p>\n<\/div>\n<p>Meet Curium team at booth 45B and attend our symposium presentation to gain insights into our multiomic approach to patient care.<\/p>\n<h3>Symposium Presentation<\/h3>\n<p><strong>Speakers:<\/strong> PR.PY. SALA\u00dcN, D\u00e9pistage de l&rsquo;hypertension pulmonaire thrombo-embolique chronique (HTP-TEC) and PR.PY. LE ROUX, Place et int\u00e9r\u00eat apr\u00e8s 3-6 mois d&rsquo;anticoagulation<\/p>\n<p><strong>Title:<\/strong> Place et interpr\u00e9tation de la scinigraphie dans le suivi de l&#8217;embolie pulmonaire au-dem\u00e0 de l&rsquo;\u00e9pisode aigu<br \/>\n<strong>Date:<\/strong> Friday, March 24, from 11:15 a.m. \u2013 12:00 p.m. CET<br \/>\n<strong>Location:\u00a0<\/strong>Salle 2.4<\/p>\n<p>Book a meeting with us today!<\/p>\n<p>&nbsp;<\/p>\n","protected":false},"excerpt":{"rendered":"<p>From March 23-25, we will be attending the 9th edition of Journ\u00e9es Francophones de M\u00e9decine Nucl\u00e9aire (JFMN) at the Belfri de Montrouge, in the Paris region, France. Meet Curium team at booth 45B and attend our symposium presentation to gain insights into our multiomic approach to patient care. Symposium Presentation Speakers: PR.PY. SALA\u00dcN, D\u00e9pistage de [&hellip;]<\/p>\n","protected":false},"author":89,"featured_media":0,"parent":0,"menu_order":0,"comment_status":"closed","ping_status":"closed","template":"template-text.php","meta":{"_acf_changed":false,"footnotes":""},"class_list":["post-27035","page","type-page","status-publish","hentry"],"acf":[],"yoast_head":"<!-- This site is optimized with the Yoast SEO plugin v27.5 - https:\/\/yoast.com\/product\/yoast-seo-wordpress\/ -->\n<title>BNMS - British Nuclear Medicine Society - Curium Pharma<\/title>\n<meta name=\"description\" content=\"Mark your calendar for May 22-24 2023 to meet Curium team at the BNMS 2023 in Harrogate, England.\" \/>\n<meta name=\"robots\" content=\"index, follow, max-snippet:-1, max-image-preview:large, max-video-preview:-1\" \/>\n<link rel=\"canonical\" href=\"https:\/\/www.curiumpharma.com\/fr\/bnms-curium\/\" \/>\n<meta property=\"og:locale\" content=\"fr_FR\" \/>\n<meta property=\"og:type\" content=\"article\" \/>\n<meta property=\"og:title\" content=\"BNMS - British Nuclear Medicine Society - Curium Pharma\" \/>\n<meta property=\"og:description\" content=\"Mark your calendar for May 22-24 2023 to meet Curium team at the BNMS 2023 in Harrogate, England.\" \/>\n<meta property=\"og:url\" content=\"https:\/\/www.curiumpharma.com\/fr\/bnms-curium\/\" \/>\n<meta property=\"og:site_name\" content=\"Curium Pharma\" \/>\n<meta property=\"article:modified_time\" content=\"2023-05-10T10:04:41+00:00\" \/>\n<meta name=\"twitter:card\" content=\"summary_large_image\" \/>\n<meta name=\"twitter:label1\" content=\"Dur\u00e9e de lecture estim\u00e9e\" \/>\n\t<meta name=\"twitter:data1\" content=\"1 minute\" \/>\n<script type=\"application\/ld+json\" class=\"yoast-schema-graph\">{\"@context\":\"https:\\\/\\\/schema.org\",\"@graph\":[{\"@type\":\"WebPage\",\"@id\":\"https:\\\/\\\/www.curiumpharma.com\\\/fr\\\/bnms-curium\\\/\",\"url\":\"https:\\\/\\\/www.curiumpharma.com\\\/fr\\\/bnms-curium\\\/\",\"name\":\"BNMS - British Nuclear Medicine Society - Curium Pharma\",\"isPartOf\":{\"@id\":\"https:\\\/\\\/www.curiumpharma.com\\\/#website\"},\"datePublished\":\"2023-05-09T08:24:43+00:00\",\"dateModified\":\"2023-05-10T10:04:41+00:00\",\"description\":\"Mark your calendar for May 22-24 2023 to meet Curium team at the BNMS 2023 in Harrogate, England.\",\"breadcrumb\":{\"@id\":\"https:\\\/\\\/www.curiumpharma.com\\\/fr\\\/bnms-curium\\\/#breadcrumb\"},\"inLanguage\":\"fr-FR\",\"potentialAction\":[{\"@type\":\"ReadAction\",\"target\":[\"https:\\\/\\\/www.curiumpharma.com\\\/fr\\\/bnms-curium\\\/\"]}]},{\"@type\":\"BreadcrumbList\",\"@id\":\"https:\\\/\\\/www.curiumpharma.com\\\/fr\\\/bnms-curium\\\/#breadcrumb\",\"itemListElement\":[{\"@type\":\"ListItem\",\"position\":1,\"name\":\"Home\",\"item\":\"https:\\\/\\\/www.curiumpharma.com\\\/fr\\\/\"},{\"@type\":\"ListItem\",\"position\":2,\"name\":\"BNMS &#8211; British Nuclear Medicine Society\"}]},{\"@type\":\"WebSite\",\"@id\":\"https:\\\/\\\/www.curiumpharma.com\\\/#website\",\"url\":\"https:\\\/\\\/www.curiumpharma.com\\\/\",\"name\":\"Curium Pharma\",\"description\":\"\",\"potentialAction\":[{\"@type\":\"SearchAction\",\"target\":{\"@type\":\"EntryPoint\",\"urlTemplate\":\"https:\\\/\\\/www.curiumpharma.com\\\/?s={search_term_string}\"},\"query-input\":{\"@type\":\"PropertyValueSpecification\",\"valueRequired\":true,\"valueName\":\"search_term_string\"}}],\"inLanguage\":\"fr-FR\"}]}<\/script>\n<!-- \/ Yoast SEO plugin. -->","yoast_head_json":{"title":"BNMS - British Nuclear Medicine Society - Curium Pharma","description":"Mark your calendar for May 22-24 2023 to meet Curium team at the BNMS 2023 in Harrogate, England.","robots":{"index":"index","follow":"follow","max-snippet":"max-snippet:-1","max-image-preview":"max-image-preview:large","max-video-preview":"max-video-preview:-1"},"canonical":"https:\/\/www.curiumpharma.com\/fr\/bnms-curium\/","og_locale":"fr_FR","og_type":"article","og_title":"BNMS - British Nuclear Medicine Society - Curium Pharma","og_description":"Mark your calendar for May 22-24 2023 to meet Curium team at the BNMS 2023 in Harrogate, England.","og_url":"https:\/\/www.curiumpharma.com\/fr\/bnms-curium\/","og_site_name":"Curium Pharma","article_modified_time":"2023-05-10T10:04:41+00:00","twitter_card":"summary_large_image","twitter_misc":{"Dur\u00e9e de lecture estim\u00e9e":"1 minute"},"schema":{"@context":"https:\/\/schema.org","@graph":[{"@type":"WebPage","@id":"https:\/\/www.curiumpharma.com\/fr\/bnms-curium\/","url":"https:\/\/www.curiumpharma.com\/fr\/bnms-curium\/","name":"BNMS - British Nuclear Medicine Society - Curium Pharma","isPartOf":{"@id":"https:\/\/www.curiumpharma.com\/#website"},"datePublished":"2023-05-09T08:24:43+00:00","dateModified":"2023-05-10T10:04:41+00:00","description":"Mark your calendar for May 22-24 2023 to meet Curium team at the BNMS 2023 in Harrogate, England.","breadcrumb":{"@id":"https:\/\/www.curiumpharma.com\/fr\/bnms-curium\/#breadcrumb"},"inLanguage":"fr-FR","potentialAction":[{"@type":"ReadAction","target":["https:\/\/www.curiumpharma.com\/fr\/bnms-curium\/"]}]},{"@type":"BreadcrumbList","@id":"https:\/\/www.curiumpharma.com\/fr\/bnms-curium\/#breadcrumb","itemListElement":[{"@type":"ListItem","position":1,"name":"Home","item":"https:\/\/www.curiumpharma.com\/fr\/"},{"@type":"ListItem","position":2,"name":"BNMS &#8211; British Nuclear Medicine Society"}]},{"@type":"WebSite","@id":"https:\/\/www.curiumpharma.com\/#website","url":"https:\/\/www.curiumpharma.com\/","name":"Curium Pharma","description":"","potentialAction":[{"@type":"SearchAction","target":{"@type":"EntryPoint","urlTemplate":"https:\/\/www.curiumpharma.com\/?s={search_term_string}"},"query-input":{"@type":"PropertyValueSpecification","valueRequired":true,"valueName":"search_term_string"}}],"inLanguage":"fr-FR"}]}},"_links":{"self":[{"href":"https:\/\/www.curiumpharma.com\/fr\/wp-json\/wp\/v2\/pages\/27035","targetHints":{"allow":["GET"]}}],"collection":[{"href":"https:\/\/www.curiumpharma.com\/fr\/wp-json\/wp\/v2\/pages"}],"about":[{"href":"https:\/\/www.curiumpharma.com\/fr\/wp-json\/wp\/v2\/types\/page"}],"author":[{"embeddable":true,"href":"https:\/\/www.curiumpharma.com\/fr\/wp-json\/wp\/v2\/users\/89"}],"replies":[{"embeddable":true,"href":"https:\/\/www.curiumpharma.com\/fr\/wp-json\/wp\/v2\/comments?post=27035"}],"version-history":[{"count":0,"href":"https:\/\/www.curiumpharma.com\/fr\/wp-json\/wp\/v2\/pages\/27035\/revisions"}],"wp:attachment":[{"href":"https:\/\/www.curiumpharma.com\/fr\/wp-json\/wp\/v2\/media?parent=27035"}],"curies":[{"name":"wp","href":"https:\/\/api.w.org\/{rel}","templated":true}]}}