{"id":7887,"date":"2018-04-27T16:36:49","date_gmt":"2018-04-27T15:36:49","guid":{"rendered":"https:\/\/www.curiumpharma.com\/empleo\/working-at-curium\/"},"modified":"2025-05-06T10:17:51","modified_gmt":"2025-05-06T09:17:51","slug":"trabajar-en-curium","status":"publish","type":"page","link":"https:\/\/www.curiumpharma.com\/es\/empleo\/trabajar-en-curium\/","title":{"rendered":"Trabajar en Curium"},"content":{"rendered":"","protected":false},"excerpt":{"rendered":"","protected":false},"author":1,"featured_media":0,"parent":7875,"menu_order":20,"comment_status":"closed","ping_status":"closed","template":"template-careers-sub-page.php","meta":{"_acf_changed":false,"footnotes":""},"class_list":["post-7887","page","type-page","status-publish","hentry"],"acf":[],"yoast_head":"<!-- This site is optimized with the Yoast SEO plugin v27.5 - https:\/\/yoast.com\/product\/yoast-seo-wordpress\/ -->\n<title>Trabajar en Curium - Curium Pharma<\/title>\n<meta name=\"description\" content=\"Como l\u00edder mundial en medicina nuclear, sabemos que nuestro \u00e9xito depende del talento y la dedicaci\u00f3n de nuestros m\u00e1s de 2000 empleados en todo el mundo.\" \/>\n<meta name=\"robots\" content=\"index, follow, max-snippet:-1, max-image-preview:large, max-video-preview:-1\" \/>\n<link rel=\"canonical\" href=\"https:\/\/www.curiumpharma.com\/es\/empleo\/trabajar-en-curium\/\" \/>\n<meta property=\"og:locale\" content=\"es_ES\" \/>\n<meta property=\"og:type\" content=\"article\" \/>\n<meta property=\"og:title\" content=\"Trabajar en Curium - Curium Pharma\" \/>\n<meta property=\"og:description\" content=\"Como l\u00edder mundial en medicina nuclear, sabemos que nuestro \u00e9xito depende del talento y la dedicaci\u00f3n de nuestros m\u00e1s de 2000 empleados en todo el mundo.\" \/>\n<meta property=\"og:url\" content=\"https:\/\/www.curiumpharma.com\/es\/empleo\/trabajar-en-curium\/\" \/>\n<meta property=\"og:site_name\" content=\"Curium Pharma\" \/>\n<meta property=\"article:modified_time\" content=\"2025-05-06T09:17:51+00:00\" \/>\n<meta name=\"twitter:card\" content=\"summary_large_image\" \/>\n<script type=\"application\/ld+json\" class=\"yoast-schema-graph\">{\"@context\":\"https:\\\/\\\/schema.org\",\"@graph\":[{\"@type\":\"WebPage\",\"@id\":\"https:\\\/\\\/www.curiumpharma.com\\\/es\\\/empleo\\\/trabajar-en-curium\\\/\",\"url\":\"https:\\\/\\\/www.curiumpharma.com\\\/es\\\/empleo\\\/trabajar-en-curium\\\/\",\"name\":\"Trabajar en Curium - Curium Pharma\",\"isPartOf\":{\"@id\":\"https:\\\/\\\/www.curiumpharma.com\\\/#website\"},\"datePublished\":\"2018-04-27T15:36:49+00:00\",\"dateModified\":\"2025-05-06T09:17:51+00:00\",\"description\":\"Como l\u00edder mundial en medicina nuclear, sabemos que nuestro \u00e9xito depende del talento y la dedicaci\u00f3n de nuestros m\u00e1s de 2000 empleados en todo el mundo.\",\"breadcrumb\":{\"@id\":\"https:\\\/\\\/www.curiumpharma.com\\\/es\\\/empleo\\\/trabajar-en-curium\\\/#breadcrumb\"},\"inLanguage\":\"es\",\"potentialAction\":[{\"@type\":\"ReadAction\",\"target\":[\"https:\\\/\\\/www.curiumpharma.com\\\/es\\\/empleo\\\/trabajar-en-curium\\\/\"]}]},{\"@type\":\"BreadcrumbList\",\"@id\":\"https:\\\/\\\/www.curiumpharma.com\\\/es\\\/empleo\\\/trabajar-en-curium\\\/#breadcrumb\",\"itemListElement\":[{\"@type\":\"ListItem\",\"position\":1,\"name\":\"Home\",\"item\":\"https:\\\/\\\/www.curiumpharma.com\\\/es\\\/\"},{\"@type\":\"ListItem\",\"position\":2,\"name\":\"Trabajar en Curium: \u00a1donde la pasi\u00f3n, la innovaci\u00f3n y el talento se unen!\",\"item\":\"https:\\\/\\\/www.curiumpharma.com\\\/es\\\/empleo\\\/\"},{\"@type\":\"ListItem\",\"position\":3,\"name\":\"Trabajar en Curium\"}]},{\"@type\":\"WebSite\",\"@id\":\"https:\\\/\\\/www.curiumpharma.com\\\/#website\",\"url\":\"https:\\\/\\\/www.curiumpharma.com\\\/\",\"name\":\"Curium Pharma\",\"description\":\"\",\"potentialAction\":[{\"@type\":\"SearchAction\",\"target\":{\"@type\":\"EntryPoint\",\"urlTemplate\":\"https:\\\/\\\/www.curiumpharma.com\\\/?s={search_term_string}\"},\"query-input\":{\"@type\":\"PropertyValueSpecification\",\"valueRequired\":true,\"valueName\":\"search_term_string\"}}],\"inLanguage\":\"es\"}]}<\/script>\n<!-- \/ Yoast SEO plugin. -->","yoast_head_json":{"title":"Trabajar en Curium - Curium Pharma","description":"Como l\u00edder mundial en medicina nuclear, sabemos que nuestro \u00e9xito depende del talento y la dedicaci\u00f3n de nuestros m\u00e1s de 2000 empleados en todo el mundo.","robots":{"index":"index","follow":"follow","max-snippet":"max-snippet:-1","max-image-preview":"max-image-preview:large","max-video-preview":"max-video-preview:-1"},"canonical":"https:\/\/www.curiumpharma.com\/es\/empleo\/trabajar-en-curium\/","og_locale":"es_ES","og_type":"article","og_title":"Trabajar en Curium - Curium Pharma","og_description":"Como l\u00edder mundial en medicina nuclear, sabemos que nuestro \u00e9xito depende del talento y la dedicaci\u00f3n de nuestros m\u00e1s de 2000 empleados en todo el mundo.","og_url":"https:\/\/www.curiumpharma.com\/es\/empleo\/trabajar-en-curium\/","og_site_name":"Curium Pharma","article_modified_time":"2025-05-06T09:17:51+00:00","twitter_card":"summary_large_image","schema":{"@context":"https:\/\/schema.org","@graph":[{"@type":"WebPage","@id":"https:\/\/www.curiumpharma.com\/es\/empleo\/trabajar-en-curium\/","url":"https:\/\/www.curiumpharma.com\/es\/empleo\/trabajar-en-curium\/","name":"Trabajar en Curium - Curium Pharma","isPartOf":{"@id":"https:\/\/www.curiumpharma.com\/#website"},"datePublished":"2018-04-27T15:36:49+00:00","dateModified":"2025-05-06T09:17:51+00:00","description":"Como l\u00edder mundial en medicina nuclear, sabemos que nuestro \u00e9xito depende del talento y la dedicaci\u00f3n de nuestros m\u00e1s de 2000 empleados en todo el mundo.","breadcrumb":{"@id":"https:\/\/www.curiumpharma.com\/es\/empleo\/trabajar-en-curium\/#breadcrumb"},"inLanguage":"es","potentialAction":[{"@type":"ReadAction","target":["https:\/\/www.curiumpharma.com\/es\/empleo\/trabajar-en-curium\/"]}]},{"@type":"BreadcrumbList","@id":"https:\/\/www.curiumpharma.com\/es\/empleo\/trabajar-en-curium\/#breadcrumb","itemListElement":[{"@type":"ListItem","position":1,"name":"Home","item":"https:\/\/www.curiumpharma.com\/es\/"},{"@type":"ListItem","position":2,"name":"Trabajar en Curium: \u00a1donde la pasi\u00f3n, la innovaci\u00f3n y el talento se unen!","item":"https:\/\/www.curiumpharma.com\/es\/empleo\/"},{"@type":"ListItem","position":3,"name":"Trabajar en Curium"}]},{"@type":"WebSite","@id":"https:\/\/www.curiumpharma.com\/#website","url":"https:\/\/www.curiumpharma.com\/","name":"Curium Pharma","description":"","potentialAction":[{"@type":"SearchAction","target":{"@type":"EntryPoint","urlTemplate":"https:\/\/www.curiumpharma.com\/?s={search_term_string}"},"query-input":{"@type":"PropertyValueSpecification","valueRequired":true,"valueName":"search_term_string"}}],"inLanguage":"es"}]}},"_links":{"self":[{"href":"https:\/\/www.curiumpharma.com\/es\/wp-json\/wp\/v2\/pages\/7887","targetHints":{"allow":["GET"]}}],"collection":[{"href":"https:\/\/www.curiumpharma.com\/es\/wp-json\/wp\/v2\/pages"}],"about":[{"href":"https:\/\/www.curiumpharma.com\/es\/wp-json\/wp\/v2\/types\/page"}],"author":[{"embeddable":true,"href":"https:\/\/www.curiumpharma.com\/es\/wp-json\/wp\/v2\/users\/1"}],"replies":[{"embeddable":true,"href":"https:\/\/www.curiumpharma.com\/es\/wp-json\/wp\/v2\/comments?post=7887"}],"version-history":[{"count":0,"href":"https:\/\/www.curiumpharma.com\/es\/wp-json\/wp\/v2\/pages\/7887\/revisions"}],"up":[{"embeddable":true,"href":"https:\/\/www.curiumpharma.com\/es\/wp-json\/wp\/v2\/pages\/7875"}],"wp:attachment":[{"href":"https:\/\/www.curiumpharma.com\/es\/wp-json\/wp\/v2\/media?parent=7887"}],"curies":[{"name":"wp","href":"https:\/\/api.w.org\/{rel}","templated":true}]}}