{"id":26956,"date":"2023-04-14T01:47:46","date_gmt":"2023-04-14T00:47:46","guid":{"rendered":"https:\/\/www.curiumpharma.com\/?page_id=26956"},"modified":"2023-04-16T23:51:06","modified_gmt":"2023-04-16T22:51:06","slug":"61-jahrestagung-der-deutschen-gesellschaft-fur-nuklearmedizin","status":"publish","type":"page","link":"https:\/\/www.curiumpharma.com\/de\/61-jahrestagung-der-deutschen-gesellschaft-fur-nuklearmedizin\/","title":{"rendered":"61. Jahrestagung der Deutschen Gesellschaft f\u00fcr Nuklearmedizin"},"content":{"rendered":"<div class=\"t3m-lead\">\n<p>From March 23-25, we will be attending the 9th edition of Journ\u00e9es Francophones de M\u00e9decine Nucl\u00e9aire (JFMN) at the Belfri de Montrouge, in the Paris region, France.<\/p>\n<\/div>\n<p>Meet Curium team at booth 45B and attend our symposium presentation to gain insights into our multiomic approach to patient care.<\/p>\n<h3>Symposium Presentation<\/h3>\n<p><strong>Speakers:<\/strong> PR.PY. SALA\u00dcN, D\u00e9pistage de l&#8217;hypertension pulmonaire thrombo-embolique chronique (HTP-TEC) and PR.PY. LE ROUX, Place et int\u00e9r\u00eat apr\u00e8s 3-6 mois d&#8217;anticoagulation<\/p>\n<p><strong>Title:<\/strong> Place et interpr\u00e9tation de la scinigraphie dans le suivi de l&#8217;embolie pulmonaire au-dem\u00e0 de l&#8217;\u00e9pisode aigu<br \/>\n<strong>Date:<\/strong> Friday, March 24, from 11:15 a.m. \u2013 12:00 p.m. CET<br \/>\n<strong>Location:\u00a0<\/strong>Salle 2.4<\/p>\n<p>Book a meeting with us today!<\/p>\n<p>&nbsp;<\/p>\n","protected":false},"excerpt":{"rendered":"<p>From March 23-25, we will be attending the 9th edition of Journ\u00e9es Francophones de M\u00e9decine Nucl\u00e9aire (JFMN) at the Belfri de Montrouge, in the Paris region, France. Meet Curium team at booth 45B and attend our symposium presentation to gain insights into our multiomic approach to patient care. Symposium Presentation Speakers: PR.PY. SALA\u00dcN, D\u00e9pistage de [&hellip;]<\/p>\n","protected":false},"author":89,"featured_media":0,"parent":0,"menu_order":0,"comment_status":"closed","ping_status":"closed","template":"template-text.php","meta":{"_acf_changed":false,"footnotes":""},"class_list":["post-26956","page","type-page","status-publish","hentry"],"acf":[],"yoast_head":"<!-- This site is optimized with the Yoast SEO plugin v27.3 - https:\/\/yoast.com\/product\/yoast-seo-wordpress\/ -->\n<title>61. Jahrestagung der Deutschen Gesellschaft f\u00fcr Nuklearmedizin - Curium Pharma<\/title>\n<meta name=\"description\" content=\"Mark your calendar for April 19-22 2023 to meet the Curium team at 61. Jahrestagung der Deutschen Gesellschaft f\u00fcr Nuklearmedizin in Leipzig\" \/>\n<meta name=\"robots\" content=\"index, follow, max-snippet:-1, max-image-preview:large, max-video-preview:-1\" \/>\n<link rel=\"canonical\" href=\"https:\/\/www.curiumpharma.com\/de\/61-jahrestagung-der-deutschen-gesellschaft-fur-nuklearmedizin\/\" \/>\n<meta property=\"og:locale\" content=\"de_DE\" \/>\n<meta property=\"og:type\" content=\"article\" \/>\n<meta property=\"og:title\" content=\"61. Jahrestagung der Deutschen Gesellschaft f\u00fcr Nuklearmedizin - Curium Pharma\" \/>\n<meta property=\"og:description\" content=\"Mark your calendar for April 19-22 2023 to meet the Curium team at 61. Jahrestagung der Deutschen Gesellschaft f\u00fcr Nuklearmedizin in Leipzig\" \/>\n<meta property=\"og:url\" content=\"https:\/\/www.curiumpharma.com\/de\/61-jahrestagung-der-deutschen-gesellschaft-fur-nuklearmedizin\/\" \/>\n<meta property=\"og:site_name\" content=\"Curium Pharma\" \/>\n<meta property=\"article:modified_time\" content=\"2023-04-16T22:51:06+00:00\" \/>\n<meta name=\"twitter:card\" content=\"summary_large_image\" \/>\n<meta name=\"twitter:label1\" content=\"Gesch\u00e4tzte Lesezeit\" \/>\n\t<meta name=\"twitter:data1\" content=\"1 Minute\" \/>\n<script type=\"application\/ld+json\" class=\"yoast-schema-graph\">{\"@context\":\"https:\\\/\\\/schema.org\",\"@graph\":[{\"@type\":\"WebPage\",\"@id\":\"https:\\\/\\\/www.curiumpharma.com\\\/de\\\/61-jahrestagung-der-deutschen-gesellschaft-fur-nuklearmedizin\\\/\",\"url\":\"https:\\\/\\\/www.curiumpharma.com\\\/de\\\/61-jahrestagung-der-deutschen-gesellschaft-fur-nuklearmedizin\\\/\",\"name\":\"61. Jahrestagung der Deutschen Gesellschaft f\u00fcr Nuklearmedizin - Curium Pharma\",\"isPartOf\":{\"@id\":\"https:\\\/\\\/www.curiumpharma.com\\\/#website\"},\"datePublished\":\"2023-04-14T00:47:46+00:00\",\"dateModified\":\"2023-04-16T22:51:06+00:00\",\"description\":\"Mark your calendar for April 19-22 2023 to meet the Curium team at 61. Jahrestagung der Deutschen Gesellschaft f\u00fcr Nuklearmedizin in Leipzig\",\"breadcrumb\":{\"@id\":\"https:\\\/\\\/www.curiumpharma.com\\\/de\\\/61-jahrestagung-der-deutschen-gesellschaft-fur-nuklearmedizin\\\/#breadcrumb\"},\"inLanguage\":\"de-DE\",\"potentialAction\":[{\"@type\":\"ReadAction\",\"target\":[\"https:\\\/\\\/www.curiumpharma.com\\\/de\\\/61-jahrestagung-der-deutschen-gesellschaft-fur-nuklearmedizin\\\/\"]}]},{\"@type\":\"BreadcrumbList\",\"@id\":\"https:\\\/\\\/www.curiumpharma.com\\\/de\\\/61-jahrestagung-der-deutschen-gesellschaft-fur-nuklearmedizin\\\/#breadcrumb\",\"itemListElement\":[{\"@type\":\"ListItem\",\"position\":1,\"name\":\"Home\",\"item\":\"https:\\\/\\\/www.curiumpharma.com\\\/de\\\/\"},{\"@type\":\"ListItem\",\"position\":2,\"name\":\"61. Jahrestagung der Deutschen Gesellschaft f\u00fcr Nuklearmedizin\"}]},{\"@type\":\"WebSite\",\"@id\":\"https:\\\/\\\/www.curiumpharma.com\\\/#website\",\"url\":\"https:\\\/\\\/www.curiumpharma.com\\\/\",\"name\":\"Curium Pharma\",\"description\":\"\",\"potentialAction\":[{\"@type\":\"SearchAction\",\"target\":{\"@type\":\"EntryPoint\",\"urlTemplate\":\"https:\\\/\\\/www.curiumpharma.com\\\/?s={search_term_string}\"},\"query-input\":{\"@type\":\"PropertyValueSpecification\",\"valueRequired\":true,\"valueName\":\"search_term_string\"}}],\"inLanguage\":\"de-DE\"}]}<\/script>\n<!-- \/ Yoast SEO plugin. -->","yoast_head_json":{"title":"61. Jahrestagung der Deutschen Gesellschaft f\u00fcr Nuklearmedizin - Curium Pharma","description":"Mark your calendar for April 19-22 2023 to meet the Curium team at 61. Jahrestagung der Deutschen Gesellschaft f\u00fcr Nuklearmedizin in Leipzig","robots":{"index":"index","follow":"follow","max-snippet":"max-snippet:-1","max-image-preview":"max-image-preview:large","max-video-preview":"max-video-preview:-1"},"canonical":"https:\/\/www.curiumpharma.com\/de\/61-jahrestagung-der-deutschen-gesellschaft-fur-nuklearmedizin\/","og_locale":"de_DE","og_type":"article","og_title":"61. Jahrestagung der Deutschen Gesellschaft f\u00fcr Nuklearmedizin - Curium Pharma","og_description":"Mark your calendar for April 19-22 2023 to meet the Curium team at 61. Jahrestagung der Deutschen Gesellschaft f\u00fcr Nuklearmedizin in Leipzig","og_url":"https:\/\/www.curiumpharma.com\/de\/61-jahrestagung-der-deutschen-gesellschaft-fur-nuklearmedizin\/","og_site_name":"Curium Pharma","article_modified_time":"2023-04-16T22:51:06+00:00","twitter_card":"summary_large_image","twitter_misc":{"Gesch\u00e4tzte Lesezeit":"1 Minute"},"schema":{"@context":"https:\/\/schema.org","@graph":[{"@type":"WebPage","@id":"https:\/\/www.curiumpharma.com\/de\/61-jahrestagung-der-deutschen-gesellschaft-fur-nuklearmedizin\/","url":"https:\/\/www.curiumpharma.com\/de\/61-jahrestagung-der-deutschen-gesellschaft-fur-nuklearmedizin\/","name":"61. Jahrestagung der Deutschen Gesellschaft f\u00fcr Nuklearmedizin - Curium Pharma","isPartOf":{"@id":"https:\/\/www.curiumpharma.com\/#website"},"datePublished":"2023-04-14T00:47:46+00:00","dateModified":"2023-04-16T22:51:06+00:00","description":"Mark your calendar for April 19-22 2023 to meet the Curium team at 61. Jahrestagung der Deutschen Gesellschaft f\u00fcr Nuklearmedizin in Leipzig","breadcrumb":{"@id":"https:\/\/www.curiumpharma.com\/de\/61-jahrestagung-der-deutschen-gesellschaft-fur-nuklearmedizin\/#breadcrumb"},"inLanguage":"de-DE","potentialAction":[{"@type":"ReadAction","target":["https:\/\/www.curiumpharma.com\/de\/61-jahrestagung-der-deutschen-gesellschaft-fur-nuklearmedizin\/"]}]},{"@type":"BreadcrumbList","@id":"https:\/\/www.curiumpharma.com\/de\/61-jahrestagung-der-deutschen-gesellschaft-fur-nuklearmedizin\/#breadcrumb","itemListElement":[{"@type":"ListItem","position":1,"name":"Home","item":"https:\/\/www.curiumpharma.com\/de\/"},{"@type":"ListItem","position":2,"name":"61. Jahrestagung der Deutschen Gesellschaft f\u00fcr Nuklearmedizin"}]},{"@type":"WebSite","@id":"https:\/\/www.curiumpharma.com\/#website","url":"https:\/\/www.curiumpharma.com\/","name":"Curium Pharma","description":"","potentialAction":[{"@type":"SearchAction","target":{"@type":"EntryPoint","urlTemplate":"https:\/\/www.curiumpharma.com\/?s={search_term_string}"},"query-input":{"@type":"PropertyValueSpecification","valueRequired":true,"valueName":"search_term_string"}}],"inLanguage":"de-DE"}]}},"_links":{"self":[{"href":"https:\/\/www.curiumpharma.com\/de\/wp-json\/wp\/v2\/pages\/26956","targetHints":{"allow":["GET"]}}],"collection":[{"href":"https:\/\/www.curiumpharma.com\/de\/wp-json\/wp\/v2\/pages"}],"about":[{"href":"https:\/\/www.curiumpharma.com\/de\/wp-json\/wp\/v2\/types\/page"}],"author":[{"embeddable":true,"href":"https:\/\/www.curiumpharma.com\/de\/wp-json\/wp\/v2\/users\/89"}],"replies":[{"embeddable":true,"href":"https:\/\/www.curiumpharma.com\/de\/wp-json\/wp\/v2\/comments?post=26956"}],"version-history":[{"count":0,"href":"https:\/\/www.curiumpharma.com\/de\/wp-json\/wp\/v2\/pages\/26956\/revisions"}],"wp:attachment":[{"href":"https:\/\/www.curiumpharma.com\/de\/wp-json\/wp\/v2\/media?parent=26956"}],"curies":[{"name":"wp","href":"https:\/\/api.w.org\/{rel}","templated":true}]}}